{"id":475,"date":"2022-07-18T13:56:37","date_gmt":"2022-07-18T13:56:37","guid":{"rendered":"https:\/\/www.puce.edu.ec\/servicios-tecnologicos\/?page_id=475"},"modified":"2024-02-26T22:45:46","modified_gmt":"2024-02-26T22:45:46","slug":"soporte-de-equipos","status":"publish","type":"page","link":"https:\/\/www.puce.edu.ec\/servicios-tecnologicos\/soporte-de-equipos\/","title":{"rendered":"Soporte de Equipos"},"content":{"rendered":"<p>[et_pb_section fb_built=\u00bb1&#8243; _builder_version=\u00bb4.16&#8243; _module_preset=\u00bbdefault\u00bb use_background_color_gradient=\u00bbon\u00bb background_color_gradient_direction=\u00bb261deg\u00bb background_color_gradient_stops=\u00bb#108891 0%|#00dbab 100%\u00bb background_color_gradient_start=\u00bb#108891&#8243; background_color_gradient_end=\u00bb#00dbab\u00bb background_image=\u00bbhttps:\/\/www.puce.edu.ec\/servicios-tecnologicos\/wp-content\/uploads\/2022\/06\/geometric-bg-overlay-01.jpg\u00bb background_blend=\u00bboverlay\u00bb custom_padding=\u00bb5%||5%||true|false\u00bb global_colors_info=\u00bb{}\u00bb][et_pb_row _builder_version=\u00bb4.16&#8243; global_colors_info=\u00bb{}\u00bb][et_pb_column type=\u00bb4_4&#8243; _builder_version=\u00bb4.16&#8243; custom_padding=\u00bb|||\u00bb global_colors_info=\u00bb{}\u00bb custom_padding__hover=\u00bb|||\u00bb][et_pb_text _builder_version=\u00bb4.16&#8243; text_font=\u00bbNunito Sans||||||||\u00bb text_text_color=\u00bb#ffffff\u00bb text_font_size=\u00bb18px\u00bb text_line_height=\u00bb1.8em\u00bb header_font=\u00bbRoboto|900|||||||\u00bb header_font_size=\u00bb45px\u00bb header_line_height=\u00bb1.3em\u00bb header_2_font=\u00bb||||||||\u00bb text_orientation=\u00bbcenter\u00bb background_layout=\u00bbdark\u00bb max_width=\u00bb700px\u00bb module_alignment=\u00bbcenter\u00bb global_colors_info=\u00bb{}\u00bb]<\/p>\n<h1>Soporte de Equipos<\/h1>\n<p>[\/et_pb_text][\/et_pb_column][\/et_pb_row][\/et_pb_section][et_pb_section fb_built=\u00bb1&#8243; _builder_version=\u00bb4.16&#8243; background_color=\u00bb#f2f2f2&#8243; custom_padding=\u00bb30px|0px|30px|0px|true|false\u00bb global_colors_info=\u00bb{}\u00bb][et_pb_row column_structure=\u00bb1_2,1_2&#8243; admin_label=\u00bbRight Sided Image\u00bb _builder_version=\u00bb4.16&#8243; custom_padding=\u00bb60px|0px|60px|0px\u00bb locked=\u00bboff\u00bb global_colors_info=\u00bb{}\u00bb][et_pb_column type=\u00bb1_2&#8243; _builder_version=\u00bb4.16&#8243; custom_padding=\u00bb|||\u00bb global_colors_info=\u00bb{}\u00bb custom_padding__hover=\u00bb|||\u00bb][et_pb_text _builder_version=\u00bb4.16&#8243; text_font=\u00bbRoboto||||||||\u00bb text_text_color=\u00bb#939390&#8243; text_font_size=\u00bb18px\u00bb text_line_height=\u00bb1.8em\u00bb header_font=\u00bb||||||||\u00bb header_text_align=\u00bbleft\u00bb header_2_font=\u00bbNunito Sans|700|||||||\u00bb header_2_text_color=\u00bb#535b7c\u00bb header_2_font_size=\u00bb35px\u00bb header_2_line_height=\u00bb1.3em\u00bb max_width=\u00bb700px\u00bb module_alignment=\u00bbcenter\u00bb global_colors_info=\u00bb{}\u00bb]El \u00c1rea de Soporte de la Direcci\u00f3n de Inform\u00e1tica brinda la ayuda sobre los equipos adquiridos por la Pontificia Universidad Cat\u00f3lica del Ecuador. <\/p>\n<p>Esta asistencia abarca la <strong style=\"color:#004a82;\">ayuda t\u00e9cnica v\u00eda tel\u00e9fono, conexi\u00f3n remota al equipo con problemas, el mantenimiento preventivo y correctivo de los equipos<\/strong>.[\/et_pb_text][et_pb_blurb title=\u00bbDirigido a\u00bb use_icon=\u00bbon\u00bb font_icon=\u00bb&#xe08b;||divi||400&#8243; icon_color=\u00bb#575756&#8243; icon_placement=\u00bbleft\u00bb image_icon_width=\u00bb32px\u00bb _builder_version=\u00bb4.18.0&#8243; header_font=\u00bbRoboto|600|||||||\u00bb header_text_color=\u00bb#575756&#8243; header_line_height=\u00bb1.4em\u00bb body_font=\u00bbRoboto||||||||\u00bb body_text_color=\u00bb#939390&#8243; body_font_size=\u00bb16px\u00bb background_color=\u00bb#ffffff\u00bb text_orientation=\u00bbcenter\u00bb custom_margin=\u00bb|||\u00bb custom_padding=\u00bb40px|40px|40px|40px\u00bb animation_style=\u00bbzoom\u00bb animation_intensity_zoom=\u00bb5%\u00bb hover_enabled=\u00bb0&#8243; border_radii=\u00bbon|4px|4px|4px|4px\u00bb border_color_all=\u00bb#1e1584&#8243; border_width_top=\u00bb6px\u00bb border_color_top=\u00bb#108891&#8243; box_shadow_style=\u00bbpreset1&#8243; icon_font_size=\u00bb32px\u00bb locked=\u00bboff\u00bb global_colors_info=\u00bb{}\u00bb sticky_enabled=\u00bb0&#8243;]<\/p>\n<p>Docentes y administrativos<\/p>\n<p>[\/et_pb_blurb][et_pb_blurb title=\u00bbDisponibilidad\u00bb use_icon=\u00bbon\u00bb font_icon=\u00bb&#x5a;||divi||400&#8243; icon_color=\u00bb#575756&#8243; icon_placement=\u00bbleft\u00bb image_icon_width=\u00bb32px\u00bb _builder_version=\u00bb4.16&#8243; header_font=\u00bbRoboto|600|||||||\u00bb header_text_color=\u00bb#575756&#8243; header_line_height=\u00bb1.4em\u00bb body_font=\u00bbRoboto||||||||\u00bb body_text_color=\u00bb#939390&#8243; body_font_size=\u00bb16px\u00bb text_orientation=\u00bbcenter\u00bb custom_margin=\u00bb|||\u00bb custom_padding=\u00bb40px|40px|40px|40px\u00bb animation_style=\u00bbzoom\u00bb animation_intensity_zoom=\u00bb5%\u00bb border_radii=\u00bbon|4px|4px|4px|4px\u00bb border_color_all=\u00bb#1e1584&#8243; border_width_top=\u00bb6px\u00bb border_color_top=\u00bb#108891&#8243; box_shadow_style=\u00bbpreset1&#8243; icon_font_size=\u00bb32px\u00bb locked=\u00bboff\u00bb global_colors_info=\u00bb{}\u00bb background_color=\u00bb#ffffff\u00bb]De lunes a viernes 7:00 a 19:00[\/et_pb_blurb][et_pb_blurb title=\u00bbHorario de Soporte\u00bb use_icon=\u00bbon\u00bb font_icon=\u00bb&#x7d;||divi||400&#8243; icon_color=\u00bb#575756&#8243; icon_placement=\u00bbleft\u00bb image_icon_width=\u00bb32px\u00bb _builder_version=\u00bb4.16&#8243; header_font=\u00bbRoboto|600|||||||\u00bb header_text_color=\u00bb#575756&#8243; header_line_height=\u00bb1.4em\u00bb body_font=\u00bbRoboto||||||||\u00bb body_text_color=\u00bb#939390&#8243; body_font_size=\u00bb16px\u00bb text_orientation=\u00bbcenter\u00bb custom_margin=\u00bb|||\u00bb custom_padding=\u00bb40px|40px|40px|40px\u00bb animation_style=\u00bbzoom\u00bb animation_intensity_zoom=\u00bb5%\u00bb border_radii=\u00bbon|4px|4px|4px|4px\u00bb border_color_all=\u00bb#1e1584&#8243; border_width_top=\u00bb6px\u00bb border_color_top=\u00bb#108891&#8243; box_shadow_style=\u00bbpreset1&#8243; icon_font_size=\u00bb32px\u00bb locked=\u00bboff\u00bb global_colors_info=\u00bb{}\u00bb background_color=\u00bb#ffffff\u00bb]De lunes a viernes 7:00 a 19:00[\/et_pb_blurb][\/et_pb_column][et_pb_column type=\u00bb1_2&#8243; _builder_version=\u00bb4.16&#8243; custom_padding=\u00bb|||\u00bb global_colors_info=\u00bb{}\u00bb custom_padding__hover=\u00bb|||\u00bb][et_pb_image src=\u00bbhttps:\/\/www.puce.edu.ec\/servicios-tecnologicos\/wp-content\/uploads\/2022\/07\/robot-soporte.png\u00bb align=\u00bbcenter\u00bb align_tablet=\u00bbcenter\u00bb align_last_edited=\u00bboff|desktop\u00bb _builder_version=\u00bb4.16&#8243; width=\u00bb65%\u00bb width_tablet=\u00bb60%\u00bb width_phone=\u00bb85%\u00bb width_last_edited=\u00bbon|phone\u00bb animation_style=\u00bbzoom\u00bb animation_direction=\u00bbleft\u00bb animation_intensity_zoom=\u00bb5%\u00bb global_colors_info=\u00bb{}\u00bb][\/et_pb_image][\/et_pb_column][\/et_pb_row][et_pb_row _builder_version=\u00bb4.16&#8243; _module_preset=\u00bbdefault\u00bb global_colors_info=\u00bb{}\u00bb][et_pb_column type=\u00bb4_4&#8243; _builder_version=\u00bb4.16&#8243; _module_preset=\u00bbdefault\u00bb global_colors_info=\u00bb{}\u00bb][et_pb_divider disabled_on=\u00bbon|on|on\u00bb _builder_version=\u00bb4.16&#8243; _module_preset=\u00bbdefault\u00bb disabled=\u00bbon\u00bb global_colors_info=\u00bb{}\u00bb][\/et_pb_divider][\/et_pb_column][\/et_pb_row][et_pb_row use_custom_gutter=\u00bbon\u00bb gutter_width=\u00bb2&#8243; disabled_on=\u00bbon|on|on\u00bb admin_label=\u00bbContact Information\u00bb _builder_version=\u00bb4.16&#8243; custom_padding=\u00bb|||\u00bb disabled=\u00bbon\u00bb locked=\u00bboff\u00bb global_colors_info=\u00bb{}\u00bb][et_pb_column type=\u00bb4_4&#8243; _builder_version=\u00bb4.16&#8243; background_color_gradient_direction=\u00bb243deg\u00bb custom_padding=\u00bb|||\u00bb global_colors_info=\u00bb{}\u00bb custom_padding__hover=\u00bb|||\u00bb][et_pb_blurb title=\u00bbPreguntas frecuentes\u00bb use_icon=\u00bbon\u00bb font_icon=\u00bb&#x74;||divi||400&#8243; icon_color=\u00bb#575756&#8243; image_icon_width=\u00bb64px\u00bb content_max_width=\u00bb470px\u00bb _builder_version=\u00bb4.18.0&#8243; header_font=\u00bbRoboto|600|||||||\u00bb header_text_color=\u00bb#575756&#8243; header_line_height=\u00bb1.4em\u00bb body_font=\u00bbNunito Sans||||||||\u00bb body_text_color=\u00bb#959baf\u00bb body_font_size=\u00bb16px\u00bb background_color=\u00bb#ffffff\u00bb text_orientation=\u00bbcenter\u00bb custom_margin=\u00bb||-24px|\u00bb custom_padding=\u00bb40px|30px|64px|30px\u00bb hover_enabled=\u00bb0&#8243; border_radii=\u00bbon|4px|4px|4px|4px\u00bb box_shadow_style=\u00bbpreset1&#8243; icon_font_size=\u00bb64px\u00bb locked=\u00bboff\u00bb global_colors_info=\u00bb{}\u00bb sticky_enabled=\u00bb0&#8243;][\/et_pb_blurb][et_pb_button button_url=\u00bb#pf\u00bb button_text=\u00bbLEER M\u00c1S\u00bb button_alignment=\u00bbcenter\u00bb _builder_version=\u00bb4.16&#8243; custom_button=\u00bbon\u00bb button_text_size=\u00bb13px\u00bb button_text_color=\u00bb#ffffff\u00bb button_bg_use_color_gradient=\u00bbon\u00bb button_bg_color_gradient_direction=\u00bb243deg\u00bb button_bg_color_gradient_stops=\u00bb#164284 0%|#00a0dd 100%\u00bb button_bg_color_gradient_start=\u00bb#164284&#8243; button_bg_color_gradient_end=\u00bb#00a0dd\u00bb button_border_width=\u00bb0px\u00bb button_border_radius=\u00bb26px\u00bb button_letter_spacing=\u00bb1px\u00bb button_font=\u00bbNunito Sans|800||on|||||\u00bb button_use_icon=\u00bboff\u00bb custom_margin=\u00bb|||\u00bb custom_padding=\u00bb15px|30px|15px|30px\u00bb button_text_color_hover=\u00bb#ffffff\u00bb button_border_radius_hover=\u00bb26px\u00bb button_letter_spacing_hover=\u00bb1px\u00bb locked=\u00bboff\u00bb global_colors_info=\u00bb{}\u00bb button_text_size__hover_enabled=\u00bboff\u00bb button_one_text_size__hover_enabled=\u00bboff\u00bb button_two_text_size__hover_enabled=\u00bboff\u00bb button_text_color__hover_enabled=\u00bbon\u00bb button_text_color__hover=\u00bb#ffffff\u00bb button_one_text_color__hover_enabled=\u00bboff\u00bb button_two_text_color__hover_enabled=\u00bboff\u00bb button_border_width__hover_enabled=\u00bboff\u00bb button_one_border_width__hover_enabled=\u00bboff\u00bb button_two_border_width__hover_enabled=\u00bboff\u00bb button_border_color__hover_enabled=\u00bboff\u00bb button_one_border_color__hover_enabled=\u00bboff\u00bb button_two_border_color__hover_enabled=\u00bboff\u00bb button_border_radius__hover_enabled=\u00bbon\u00bb button_border_radius__hover=\u00bb26px\u00bb button_one_border_radius__hover_enabled=\u00bboff\u00bb button_two_border_radius__hover_enabled=\u00bboff\u00bb button_letter_spacing__hover_enabled=\u00bbon\u00bb button_letter_spacing__hover=\u00bb1px\u00bb button_one_letter_spacing__hover_enabled=\u00bboff\u00bb button_two_letter_spacing__hover_enabled=\u00bboff\u00bb button_bg_color__hover_enabled=\u00bboff\u00bb button_one_bg_color__hover_enabled=\u00bboff\u00bb button_two_bg_color__hover_enabled=\u00bboff\u00bb][\/et_pb_button][\/et_pb_column][\/et_pb_row][\/et_pb_section][et_pb_section fb_built=\u00bb1&#8243; disabled_on=\u00bbon|on|on\u00bb admin_label=\u00bbOpen Positions Section\u00bb module_id=\u00bbmanuales\u00bb _builder_version=\u00bb4.16&#8243; background_color=\u00bb#FFFFFF\u00bb background_color_gradient_direction=\u00bb78deg\u00bb background_enable_image=\u00bboff\u00bb background_position=\u00bbcenter_left\u00bb background_blend=\u00bbmultiply\u00bb custom_padding=\u00bb30px|0px|30px|0px|true|false\u00bb disabled=\u00bbon\u00bb global_colors_info=\u00bb{}\u00bb][et_pb_row column_structure=\u00bb1_2,1_2&#8243; use_custom_gutter=\u00bbon\u00bb _builder_version=\u00bb4.16&#8243; custom_padding=\u00bb60px|0px|27px|0px\u00bb global_colors_info=\u00bb{}\u00bb][et_pb_column type=\u00bb1_2&#8243; _builder_version=\u00bb4.16&#8243; background_color_gradient_direction=\u00bb243deg\u00bb custom_padding=\u00bb|||\u00bb global_colors_info=\u00bb{}\u00bb custom_padding__hover=\u00bb|||\u00bb][et_pb_text _builder_version=\u00bb4.16&#8243; text_font=\u00bbNunito Sans||||||||\u00bb text_text_color=\u00bb#959baf\u00bb text_font_size=\u00bb18px\u00bb text_line_height=\u00bb1.8em\u00bb header_font=\u00bb||||||||\u00bb header_text_align=\u00bbcenter\u00bb header_text_color=\u00bb#535b7c\u00bb header_2_font=\u00bbRoboto|700|||||||\u00bb header_2_text_color=\u00bb#575756&#8243; header_2_font_size=\u00bb35px\u00bb header_2_line_height=\u00bb1.3em\u00bb text_orientation=\u00bbcenter\u00bb max_width=\u00bb700px\u00bb module_alignment=\u00bbcenter\u00bb global_colors_info=\u00bb{}\u00bb]<\/p>\n<h2>Manuales<\/h2>\n<p>[\/et_pb_text][et_pb_toggle title=\u00bbSolicitud de pr\u00e9stamo de equipos de escritorio en el centro de inform\u00e1tica\u00bb closed_toggle_background_color=\u00bb#ffffff\u00bb icon_color=\u00bb#939390&#8243; open_icon_color=\u00bb#939390&#8243; _builder_version=\u00bb4.18.0&#8243; title_text_color=\u00bb#575756&#8243; title_font=\u00bbRoboto|600|||||||\u00bb title_line_height=\u00bb1.3em\u00bb body_font=\u00bbRoboto||||||||\u00bb body_text_color=\u00bb#939390&#8243; body_font_size=\u00bb15px\u00bb custom_margin=\u00bb|||\u00bb custom_padding=\u00bb24px|24px|24px|24px\u00bb hover_enabled=\u00bb0&#8243; border_radii=\u00bbon|4px|4px|4px|4px\u00bb border_width_all=\u00bb0px\u00bb border_color_all=\u00bb#d9d9d9&#8243; border_style_all=\u00bbsolid\u00bb border_width_top=\u00bb6px\u00bb border_color_top=\u00bb#00a0dd\u00bb box_shadow_style=\u00bbpreset1&#8243; use_border_color=\u00bbon\u00bb border_width=\u00bb0px\u00bb global_colors_info=\u00bb{}\u00bb sticky_enabled=\u00bb0&#8243;]<\/p>\n<p><a href=\"https:\/\/puceeduec.sharepoint.com\/_layouts\/15\/guestaccess.aspx?docid=0a3897ba11d92446e966666af8dd8bf88&amp;authkey=AeTHTr8tRDUJvuQ5WcOZ_Os\" target=\"_blank\" rel=\"noopener\">DESCARGAR MANUAL<\/a><\/p>\n<p>[\/et_pb_toggle][\/et_pb_column][et_pb_column type=\u00bb1_2&#8243; _builder_version=\u00bb4.16&#8243; background_color=\u00bb#116d9c\u00bb background_color_gradient_direction=\u00bb243deg\u00bb custom_padding=\u00bb50px|50px|50px|50px|true|true\u00bb global_colors_info=\u00bb{}\u00bb custom_padding__hover=\u00bb|||\u00bb][et_pb_blurb use_icon=\u00bbon\u00bb font_icon=\u00bb&#x70;||divi||400&#8243; icon_color=\u00bb#d1b70d\u00bb _builder_version=\u00bb4.16&#8243; _module_preset=\u00bbdefault\u00bb global_colors_info=\u00bb{}\u00bb][\/et_pb_blurb][et_pb_text _builder_version=\u00bb4.16&#8243; text_font=\u00bbRoboto||||||||\u00bb text_text_color=\u00bb#FFFFFF\u00bb text_font_size=\u00bb20px\u00bb header_font=\u00bbRoboto|700|||||||\u00bb header_text_color=\u00bb#575756&#8243; header_font_size=\u00bb45px\u00bb header_line_height=\u00bb1.3em\u00bb header_2_font=\u00bb||||||||\u00bb background_layout=\u00bbdark\u00bb max_width=\u00bb700px\u00bb module_alignment=\u00bbcenter\u00bb global_colors_info=\u00bb{}\u00bb]El estudiante matriculado tiene derecho a utilizar 100 horas de computador en el semestre.<\/p>\n<p><\/p>\n<ul>\n<li>Puede registrarse dos veces en el d\u00eda utilizando dos horas por cada registro.<\/li>\n<li>Las horas de saldo que tenga el estudiante no son acumulativas para el siguiente semestre ni transferibles a otra persona.<\/li>\n<\/ul>\n<p>[\/et_pb_text][\/et_pb_column][\/et_pb_row][\/et_pb_section][et_pb_section fb_built=\u00bb1&#8243; admin_label=\u00bbPerks &#038; Benefits\u00bb module_id=\u00bbpf\u00bb _builder_version=\u00bb4.16&#8243; background_color=\u00bb#eaf7f3&#8243; custom_padding=\u00bb30px|0px|150px|0px|false|false\u00bb global_colors_info=\u00bb{}\u00bb][et_pb_row admin_label=\u00bbTittle\u00bb _builder_version=\u00bb4.16&#8243; global_colors_info=\u00bb{}\u00bb][et_pb_column type=\u00bb4_4&#8243; _builder_version=\u00bb4.16&#8243; custom_padding=\u00bb|||\u00bb global_colors_info=\u00bb{}\u00bb custom_padding__hover=\u00bb|||\u00bb][et_pb_text _builder_version=\u00bb4.16&#8243; text_font=\u00bbNunito Sans||||||||\u00bb text_text_color=\u00bb#959baf\u00bb text_font_size=\u00bb18px\u00bb text_line_height=\u00bb1.8em\u00bb header_font=\u00bb||||||||\u00bb header_text_align=\u00bbcenter\u00bb header_text_color=\u00bb#535b7c\u00bb header_2_font=\u00bbRoboto|700|||||||\u00bb header_2_text_color=\u00bb#575756&#8243; header_2_font_size=\u00bb35px\u00bb header_2_line_height=\u00bb1.3em\u00bb text_orientation=\u00bbcenter\u00bb max_width=\u00bb700px\u00bb module_alignment=\u00bbcenter\u00bb global_colors_info=\u00bb{}\u00bb]<\/p>\n<h2>Preguntas Frecuentes<\/h2>\n<p>[\/et_pb_text][\/et_pb_column][\/et_pb_row][et_pb_row column_structure=\u00bb1_2,1_2&#8243; use_custom_gutter=\u00bbon\u00bb _builder_version=\u00bb4.16&#8243; custom_padding=\u00bb60px|0px|27px|0px\u00bb locked=\u00bboff\u00bb global_colors_info=\u00bb{}\u00bb][et_pb_column type=\u00bb1_2&#8243; _builder_version=\u00bb4.16&#8243; background_color_gradient_direction=\u00bb243deg\u00bb custom_padding=\u00bb|||\u00bb global_colors_info=\u00bb{}\u00bb custom_padding__hover=\u00bb|||\u00bb][et_pb_toggle title=\u00bb\u00bfC\u00f3mo acceder al servicio?\u00bb closed_toggle_background_color=\u00bb#ffffff\u00bb icon_color=\u00bb#939390&#8243; open_icon_color=\u00bb#939390&#8243; _builder_version=\u00bb4.18.0&#8243; title_text_color=\u00bb#575756&#8243; title_font=\u00bbRoboto|600|||||||\u00bb title_line_height=\u00bb1.3em\u00bb body_font=\u00bbRoboto||||||||\u00bb body_text_color=\u00bb#939390&#8243; body_font_size=\u00bb15px\u00bb custom_margin=\u00bb|||\u00bb custom_padding=\u00bb24px|24px|24px|24px\u00bb hover_enabled=\u00bb0&#8243; border_radii=\u00bbon|4px|4px|4px|4px\u00bb border_width_all=\u00bb0px\u00bb border_color_all=\u00bb#d9d9d9&#8243; border_style_all=\u00bbsolid\u00bb border_width_top=\u00bb6px\u00bb border_color_top=\u00bb#00dbab\u00bb box_shadow_style=\u00bbpreset1&#8243; use_border_color=\u00bbon\u00bb border_width=\u00bb0px\u00bb global_colors_info=\u00bb{}\u00bb sticky_enabled=\u00bb0&#8243;]Ingresa tu requerimiento a trav\u00e9s de nuestra <a href=\"https:\/\/rodi.puce.edu.ec\/\" target=\"_blank\" rel=\"noopener\">Mesa de Servicios RO-DI<\/a>.[\/et_pb_toggle][\/et_pb_column][et_pb_column type=\u00bb1_2&#8243; _builder_version=\u00bb4.16&#8243; background_color=\u00bb#116d9c\u00bb background_color_gradient_direction=\u00bb243deg\u00bb custom_padding=\u00bb50px|50px|50px|50px|true|true\u00bb global_colors_info=\u00bb{}\u00bb custom_padding__hover=\u00bb|||\u00bb][et_pb_blurb use_icon=\u00bbon\u00bb font_icon=\u00bb&#x70;||divi||400&#8243; icon_color=\u00bb#d1b70d\u00bb _builder_version=\u00bb4.16&#8243; _module_preset=\u00bbdefault\u00bb global_colors_info=\u00bb{}\u00bb][\/et_pb_blurb][et_pb_text _builder_version=\u00bb4.16&#8243; text_font=\u00bbRoboto||||||||\u00bb text_text_color=\u00bb#FFFFFF\u00bb text_font_size=\u00bb20px\u00bb header_font=\u00bbRoboto|700|||||||\u00bb header_text_color=\u00bb#575756&#8243; header_font_size=\u00bb45px\u00bb header_line_height=\u00bb1.3em\u00bb header_2_font=\u00bb||||||||\u00bb background_layout=\u00bbdark\u00bb max_width=\u00bb700px\u00bb module_alignment=\u00bbcenter\u00bb global_colors_info=\u00bb{}\u00bb]Servicio disponible solo para docentes y administrativos de la PUCE.[\/et_pb_text][\/et_pb_column][\/et_pb_row][\/et_pb_section][et_pb_section fb_built=\u00bb1&#8243; disabled_on=\u00bbon|on|on\u00bb admin_label=\u00bbHeader\u00bb _builder_version=\u00bb4.16&#8243; background_color=\u00bb#FFFFFF\u00bb background_color_gradient_direction=\u00bb135deg\u00bb background_image=\u00bbhttps:\/\/www.puce.edu.ec\/servicios-tecnologicos\/wp-content\/uploads\/2022\/06\/FONDO-1-scaled.jpg\u00bb background_position=\u00bbtop_center\u00bb custom_padding=\u00bb10%|0px|10%|0px|false|false\u00bb animation_style=\u00bbzoom\u00bb animation_direction=\u00bbbottom\u00bb animation_intensity_zoom=\u00bb8%\u00bb animation_starting_opacity=\u00bb100%\u00bb background_color_tablet=\u00bb#FFFFFF\u00bb background_last_edited=\u00bbon|desktop\u00bb background_enable_color_tablet=\u00bbon\u00bb background_enable_image_tablet=\u00bboff\u00bb background_position_tablet=\u00bbtop_left\u00bb disabled=\u00bbon\u00bb locked=\u00bboff\u00bb global_colors_info=\u00bb{}\u00bb][et_pb_row column_structure=\u00bb1_2,1_2&#8243; _builder_version=\u00bb4.16&#8243; global_colors_info=\u00bb{}\u00bb][et_pb_column type=\u00bb1_2&#8243; _builder_version=\u00bb4.16&#8243; custom_padding=\u00bb|||\u00bb global_colors_info=\u00bb{}\u00bb custom_padding__hover=\u00bb|||\u00bb][et_pb_blurb use_icon=\u00bbon\u00bb font_icon=\u00bb&#x70;||divi||400&#8243; icon_color=\u00bb#00a0dd\u00bb _builder_version=\u00bb4.16&#8243; _module_preset=\u00bbdefault\u00bb global_colors_info=\u00bb{}\u00bb][\/et_pb_blurb][et_pb_text _builder_version=\u00bb4.16&#8243; text_font=\u00bbRoboto||||||||\u00bb text_text_color=\u00bb#939390&#8243; text_font_size=\u00bb20px\u00bb header_font=\u00bbRoboto|700|||||||\u00bb header_text_color=\u00bb#575756&#8243; header_font_size=\u00bb45px\u00bb header_line_height=\u00bb1.3em\u00bb header_2_font=\u00bb||||||||\u00bb background_layout=\u00bbdark\u00bb max_width=\u00bb700px\u00bb module_alignment=\u00bbcenter\u00bb global_colors_info=\u00bb{}\u00bb]El estudiante matriculado tiene derecho a utilizar 100 horas de computador en el semestre.<br \/>\n<\/p>\n<ul>\n<li>Puede registrarse dos veces en el d\u00eda utilizando dos horas por cada registro.<\/li>\n<li>Las horas de saldo que tenga el estudiante no son acumulativas para el siguiente semestre ni transferibles a otra persona.<\/li>\n<\/ul>\n<p>[\/et_pb_text][\/et_pb_column][et_pb_column type=\u00bb1_2&#8243; _builder_version=\u00bb4.16&#8243; custom_padding=\u00bb|||\u00bb global_colors_info=\u00bb{}\u00bb custom_padding__hover=\u00bb|||\u00bb][\/et_pb_column][\/et_pb_row][\/et_pb_section]<\/p>\n","protected":false},"excerpt":{"rendered":"<p>Soporte de EquiposEl \u00c1rea de Soporte de la Direcci\u00f3n de Inform\u00e1tica brinda la ayuda sobre los equipos adquiridos por la Pontificia Universidad Cat\u00f3lica del Ecuador. Esta asistencia abarca la ayuda t\u00e9cnica v\u00eda tel\u00e9fono, conexi\u00f3n remota al equipo con problemas, el mantenimiento preventivo y correctivo de los equipos.Docentes y administrativosDe lunes a viernes 7:00 a 19:00De [&hellip;]<\/p>\n","protected":false},"author":2,"featured_media":0,"parent":0,"menu_order":0,"comment_status":"closed","ping_status":"closed","template":"","meta":{"_et_pb_use_builder":"on","_et_pb_old_content":"","_et_gb_content_width":""},"_links":{"self":[{"href":"https:\/\/www.puce.edu.ec\/servicios-tecnologicos\/wp-json\/wp\/v2\/pages\/475"}],"collection":[{"href":"https:\/\/www.puce.edu.ec\/servicios-tecnologicos\/wp-json\/wp\/v2\/pages"}],"about":[{"href":"https:\/\/www.puce.edu.ec\/servicios-tecnologicos\/wp-json\/wp\/v2\/types\/page"}],"author":[{"embeddable":true,"href":"https:\/\/www.puce.edu.ec\/servicios-tecnologicos\/wp-json\/wp\/v2\/users\/2"}],"replies":[{"embeddable":true,"href":"https:\/\/www.puce.edu.ec\/servicios-tecnologicos\/wp-json\/wp\/v2\/comments?post=475"}],"version-history":[{"count":7,"href":"https:\/\/www.puce.edu.ec\/servicios-tecnologicos\/wp-json\/wp\/v2\/pages\/475\/revisions"}],"predecessor-version":[{"id":832,"href":"https:\/\/www.puce.edu.ec\/servicios-tecnologicos\/wp-json\/wp\/v2\/pages\/475\/revisions\/832"}],"wp:attachment":[{"href":"https:\/\/www.puce.edu.ec\/servicios-tecnologicos\/wp-json\/wp\/v2\/media?parent=475"}],"curies":[{"name":"wp","href":"https:\/\/api.w.org\/{rel}","templated":true}]}}